{"id":21262,"date":"2020-03-02T10:27:05","date_gmt":"2020-03-02T10:27:05","guid":{"rendered":"https:\/\/www.istanbulpropertysearch.com\/contact\/"},"modified":"2021-05-22T09:32:04","modified_gmt":"2021-05-22T09:32:04","slug":"contact","status":"publish","type":"page","link":"https:\/\/www.istanbulpropertysearch.com\/ar\/contact\/","title":{"rendered":"Contact"},"content":{"rendered":"\t\t<div data-elementor-type=\"wp-page\" data-elementor-id=\"21262\" class=\"elementor elementor-21262\" data-elementor-settings=\"[]\">\n\t\t\t\t\t\t<div class=\"elementor-inner\">\n\t\t\t\t\t\t\t<div class=\"elementor-section-wrap\">\n\t\t\t\t\t\t\t<section class=\"elementor-section elementor-top-section elementor-element elementor-element-125aa3d elementor-section-height-min-height animated-slow elementor-section-boxed elementor-section-height-default elementor-section-items-middle elementor-invisible\" data-id=\"125aa3d\" data-element_type=\"section\" data-settings=\"{&quot;background_background&quot;:&quot;classic&quot;,&quot;animation&quot;:&quot;fadeIn&quot;}\">\n\t\t\t\t\t\t\t<div class=\"elementor-background-overlay\"><\/div>\n\t\t\t\t\t\t\t<div class=\"elementor-container elementor-column-gap-default\">\n\t\t\t\t\t\t\t<div class=\"elementor-row\">\n\t\t\t\t\t<div class=\"elementor-column elementor-col-100 elementor-top-column elementor-element elementor-element-3b3a0df\" data-id=\"3b3a0df\" data-element_type=\"column\">\n\t\t\t<div class=\"elementor-column-wrap elementor-element-populated\">\n\t\t\t\t\t\t\t<div class=\"elementor-widget-wrap\">\n\t\t\t\t\t\t<div class=\"elementor-element elementor-element-1bdf606 elementor-widget elementor-widget-heading\" data-id=\"1bdf606\" data-element_type=\"widget\" data-widget_type=\"heading.default\">\n\t\t\t\t<div class=\"elementor-widget-container\">\n\t\t\t<h1 class=\"elementor-heading-title elementor-size-default\">Contact us<\/h1>\t\t<\/div>\n\t\t\t\t<\/div>\n\t\t\t\t\t\t<\/div>\n\t\t\t\t\t<\/div>\n\t\t<\/div>\n\t\t\t\t\t\t\t\t<\/div>\n\t\t\t\t\t<\/div>\n\t\t<\/section>\n\t\t\t\t<section class=\"elementor-section elementor-top-section elementor-element elementor-element-5ec2734 elementor-section-boxed elementor-section-height-default elementor-section-height-default\" data-id=\"5ec2734\" data-element_type=\"section\">\n\t\t\t\t\t\t<div class=\"elementor-container elementor-column-gap-default\">\n\t\t\t\t\t\t\t<div class=\"elementor-row\">\n\t\t\t\t\t<div class=\"elementor-column elementor-col-100 elementor-top-column elementor-element elementor-element-e1bd41f\" data-id=\"e1bd41f\" data-element_type=\"column\">\n\t\t\t<div class=\"elementor-column-wrap elementor-element-populated\">\n\t\t\t\t\t\t\t<div class=\"elementor-widget-wrap\">\n\t\t\t\t\t\t<div class=\"elementor-element elementor-element-49cbafe elementor-widget elementor-widget-houzez_elementor_space\" data-id=\"49cbafe\" data-element_type=\"widget\" data-widget_type=\"houzez_elementor_space.default\">\n\t\t\t\t<div class=\"elementor-widget-container\">\n\t\t\t        <div class=\"houzez-spacer\">\n            <div class=\"houzez-spacer-inner\"><\/div>\n        <\/div>\n        \t\t<\/div>\n\t\t\t\t<\/div>\n\t\t\t\t\t\t<\/div>\n\t\t\t\t\t<\/div>\n\t\t<\/div>\n\t\t\t\t\t\t\t\t<\/div>\n\t\t\t\t\t<\/div>\n\t\t<\/section>\n\t\t\t\t<section class=\"elementor-section elementor-top-section elementor-element elementor-element-d0b02e7 elementor-section-content-top animated-slow elementor-section-boxed elementor-section-height-default elementor-section-height-default elementor-invisible\" data-id=\"d0b02e7\" data-element_type=\"section\" data-settings=\"{&quot;animation&quot;:&quot;fadeIn&quot;}\">\n\t\t\t\t\t\t<div class=\"elementor-container elementor-column-gap-default\">\n\t\t\t\t\t\t\t<div class=\"elementor-row\">\n\t\t\t\t\t<div class=\"elementor-column elementor-col-50 elementor-top-column elementor-element elementor-element-3139327\" data-id=\"3139327\" data-element_type=\"column\" data-settings=\"{&quot;background_background&quot;:&quot;classic&quot;}\">\n\t\t\t<div class=\"elementor-column-wrap elementor-element-populated\">\n\t\t\t\t\t\t\t<div class=\"elementor-widget-wrap\">\n\t\t\t\t\t\t<div class=\"elementor-element elementor-element-8ff1404 elementor-widget elementor-widget-text-editor\" data-id=\"8ff1404\" data-element_type=\"widget\" data-widget_type=\"text-editor.default\">\n\t\t\t\t<div class=\"elementor-widget-container\">\n\t\t\t\t\t\t\t\t<div class=\"elementor-text-editor elementor-clearfix\">\n\t\t\t\t\t<p dir=\"rtl\" align=\"right\"><span style=\"color: #18191b; font-family: Geeza Pro; font-size: x-large;\">\u0627\u062a\u0635\u0644<\/span> <span style=\"color: #18191b; font-family: Geeza Pro; font-size: medium;\">\u0628\u0646\u0627<\/span> <span style=\"color: #18191b; font-family: Geeza Pro; font-size: medium;\">\u0644\u0644\u062d\u0635\u0648\u0644<\/span> <span style=\"color: #18191b; font-family: Geeza Pro; font-size: medium;\">\u0639\u0644\u0649<\/span> <span style=\"color: #18191b; font-family: Geeza Pro; font-size: medium;\">\u0623\u0641\u0636\u0644<\/span> <span style=\"color: #18191b; font-family: Geeza Pro; font-size: medium;\">\u0627\u0644\u0639\u0631\u0648\u0636<\/span> <span style=\"color: #18191b; font-family: Geeza Pro; font-size: medium;\">\u0645\u0646<\/span> <span style=\"color: #18191b; font-family: Geeza Pro; font-size: medium;\">\u0627\u0644\u0639\u0642\u0627\u0631\u0627\u062a<\/span> <span style=\"color: #18191b; font-family: Geeza Pro; font-size: medium;\">\u0627\u0644\u0645\u0634\u0647\u0648\u0631\u0629<\/span> <span style=\"color: #18191b; font-family: Geeza Pro; font-size: medium;\">\u0641\u064a<\/span> <span style=\"color: #18191b; font-family: Geeza Pro; font-size: medium;\">\u062c\u0645\u064a\u0639<\/span> <span style=\"color: #18191b; font-family: Geeza Pro; font-size: medium;\">\u0623\u0646\u062d\u0627\u0621<\/span> <span style=\"color: #18191b; font-family: Geeza Pro; font-size: medium;\">\u0627\u0633\u0637\u0646\u0628\u0648\u0644<\/span> <span style=\"color: #18191b; font-family: Geeza Pro; font-size: medium;\">\u0648\u062a\u0631\u0643\u064a\u0627<\/span><span style=\"color: #18191b; font-family: Helvetica; font-size: medium;\">.<\/span><\/p>\t\t\t\t\t<\/div>\n\t\t\t\t\t\t<\/div>\n\t\t\t\t<\/div>\n\t\t\t\t<div class=\"elementor-element elementor-element-4583db4 elementor-widget elementor-widget-html\" data-id=\"4583db4\" data-element_type=\"widget\" data-widget_type=\"html.default\">\n\t\t\t\t<div class=\"elementor-widget-container\">\n\t\t\t<script charset=\"utf-8\" type=\"text\/javascript\" src=\"\/\/js.hsforms.net\/forms\/shell.js\"><\/script>\n<script>\n  hbspt.forms.create({\n\tregion: \"na1\",\n\tportalId: \"8385134\",\n\tformId: \"ecd2c5fd-5af6-4990-a5bf-d6bfa28698be\"\n});\n<\/script>\t\t<\/div>\n\t\t\t\t<\/div>\n\t\t\t\t\t\t<\/div>\n\t\t\t\t\t<\/div>\n\t\t<\/div>\n\t\t\t\t<div class=\"elementor-column elementor-col-25 elementor-top-column elementor-element elementor-element-bd2c54b\" data-id=\"bd2c54b\" data-element_type=\"column\">\n\t\t\t<div class=\"elementor-column-wrap elementor-element-populated\">\n\t\t\t\t\t\t\t<div class=\"elementor-widget-wrap\">\n\t\t\t\t\t\t<div class=\"elementor-element elementor-element-f1348f6 elementor-widget elementor-widget-Houzez_elementor_grid_builder\" data-id=\"f1348f6\" data-element_type=\"widget\" data-widget_type=\"Houzez_elementor_grid_builder.default\">\n\t\t\t\t<div class=\"elementor-widget-container\">\n\t\t\t\n        <div class=\"grid-item  grid-item-v1\" style=\"background-image: url(https:\/\/www.istanbulpropertysearch.com\/wp-content\/uploads\/2020\/09\/WhatsApp-Image-2020-09-08-at-15.51.22.jpeg)\">\n            <a class=\"grid-item-link hover-effect-flat\"  target=\"_blank\" href=\"\">\n                <div class=\"grid-item-text-wrap\">\n\n                    \n                                        \n                                    <\/div><!-- taxonomy-text-wrap -->\n            <\/a>\n        <\/div>\n        \n        \t\t<\/div>\n\t\t\t\t<\/div>\n\t\t\t\t<div class=\"elementor-element elementor-element-f8f990b elementor-widget elementor-widget-Houzez_elementor_grid_builder\" data-id=\"f8f990b\" data-element_type=\"widget\" data-widget_type=\"Houzez_elementor_grid_builder.default\">\n\t\t\t\t<div class=\"elementor-widget-container\">\n\t\t\t\n        <div class=\"grid-item  grid-item-v1\" style=\"background-image: url(https:\/\/www.istanbulpropertysearch.com\/wp-content\/uploads\/2020\/09\/WhatsApp-Image-2020-09-08-at-15.51.23.jpeg)\">\n            <a class=\"grid-item-link hover-effect-flat\"  target=\"_blank\" href=\"\">\n                <div class=\"grid-item-text-wrap\">\n\n                    \n                                        \n                                    <\/div><!-- taxonomy-text-wrap -->\n            <\/a>\n        <\/div>\n        \n        \t\t<\/div>\n\t\t\t\t<\/div>\n\t\t\t\t<div class=\"elementor-element elementor-element-24b0e35 elementor-widget elementor-widget-Houzez_elementor_grid_builder\" data-id=\"24b0e35\" data-element_type=\"widget\" data-widget_type=\"Houzez_elementor_grid_builder.default\">\n\t\t\t\t<div class=\"elementor-widget-container\">\n\t\t\t\n        <div class=\"grid-item  grid-item-v1\" style=\"background-image: url(https:\/\/www.istanbulpropertysearch.com\/wp-content\/uploads\/2020\/09\/WhatsApp-Image-2020-09-08-at-15.51.24.jpeg)\">\n            <a class=\"grid-item-link hover-effect-flat\"  target=\"_blank\" href=\"\">\n                <div class=\"grid-item-text-wrap\">\n\n                    \n                                        \n                                    <\/div><!-- taxonomy-text-wrap -->\n            <\/a>\n        <\/div>\n        \n        \t\t<\/div>\n\t\t\t\t<\/div>\n\t\t\t\t\t\t<\/div>\n\t\t\t\t\t<\/div>\n\t\t<\/div>\n\t\t\t\t<div class=\"elementor-column elementor-col-25 elementor-top-column elementor-element elementor-element-66ddd7d\" data-id=\"66ddd7d\" data-element_type=\"column\">\n\t\t\t<div class=\"elementor-column-wrap elementor-element-populated\">\n\t\t\t\t\t\t\t<div class=\"elementor-widget-wrap\">\n\t\t\t\t\t\t<div class=\"elementor-element elementor-element-23057bd elementor-widget elementor-widget-text-editor\" data-id=\"23057bd\" data-element_type=\"widget\" data-widget_type=\"text-editor.default\">\n\t\t\t\t<div class=\"elementor-widget-container\">\n\t\t\t\t\t\t\t\t<div class=\"elementor-text-editor elementor-clearfix\">\n\t\t\t\t\t<p dir=\"rtl\" align=\"right\"><span style=\"color: #000000; font-family: Arial; font-size: medium;\">\u0645\u0631\u0643\u0632 \u0627\u0644\u0634\u0631\u0643\u0629 <\/span><\/p><p class=\"padding-top\">Koza Mah. 1655 Sok. No:6 Akbat\u0131 Residence Ye\u015fil Kule K:4 Dk:401, Esenyurt, 34538 \u0130stanbul<\/p><p class=\"padding-top\"><a href=\"tel:02123372777\" aria-label=\"Link to phone app 02123372777\">0212 337 27 77<\/a><a href=\"tel:02123372777\" data-w-id=\"f1b9c49b-743d-65ef-4323-b7057c1097a8\" data-wf-id=\"[\"><br data-w-id=\"f1b9c49b-743d-65ef-4323-b7057c1097aa\" data-wf-id=\"[\" \/>\u200d<\/a><a href=\"mailto:info@value34.com.tr\" data-w-id=\"f1b9c49b-743d-65ef-4323-b7057c1097ac\" data-wf-id=\"[\">info@value34.com.tr<\/a><\/p><p dir=\"rtl\" align=\"right\"><span style=\"color: #000000; font-family: Arial; font-size: medium;\">\u0645\u0643\u062a\u0628 \u0645\u0627\u0633\u0644\u0627\u0643 <\/span><\/p><p dir=\"rtl\" align=\"right\"><span style=\"color: #000000; font-family: Arial; font-size: medium;\">\u0642\u0631\u064a\u0628\u0627 <\/span><\/p>\t\t\t\t\t<\/div>\n\t\t\t\t\t\t<\/div>\n\t\t\t\t<\/div>\n\t\t\t\t<div class=\"elementor-element elementor-element-3c1041e elementor-widget elementor-widget-text-editor\" data-id=\"3c1041e\" data-element_type=\"widget\" data-widget_type=\"text-editor.default\">\n\t\t\t\t<div class=\"elementor-widget-container\">\n\t\t\t\t\t\t\t\t<div class=\"elementor-text-editor elementor-clearfix\">\n\t\t\t\t\t<p dir=\"rtl\" align=\"right\"><span style=\"color: #000000; font-family: Arial; font-size: medium;\">\u062a\u0648\u0627\u0635 \u0645\u0639\u0646\u0627 \u0639\u0646 \u0637\u0631\u064a\u0642 \u0627\u0644\u0648\u0627\u062a\u0633\u0627\u0628 <\/span><\/p><p dir=\"rtl\" align=\"right\"><span style=\"color: #000000; font-family: Arial; font-size: medium;\">\u062e\u062f\u0645\u0629 \u0639\u0644\u0649 \u0645\u062f\u0627\u0631 \u0627\u0644\u0633\u0627\u0639\u0629 <\/span><\/p><p>+90 532 204 99 73<\/p><p>+90 533 328 83 27<\/p><p>+90 532 376 01 94<\/p>\t\t\t\t\t<\/div>\n\t\t\t\t\t\t<\/div>\n\t\t\t\t<\/div>\n\t\t\t\t\t\t<\/div>\n\t\t\t\t\t<\/div>\n\t\t<\/div>\n\t\t\t\t\t\t\t\t<\/div>\n\t\t\t\t\t<\/div>\n\t\t<\/section>\n\t\t\t\t<section class=\"elementor-section elementor-top-section elementor-element elementor-element-7c709d6 animated-slow elementor-section-boxed elementor-section-height-default elementor-section-height-default elementor-invisible\" data-id=\"7c709d6\" data-element_type=\"section\" data-settings=\"{&quot;animation&quot;:&quot;fadeIn&quot;}\">\n\t\t\t\t\t\t<div class=\"elementor-container elementor-column-gap-default\">\n\t\t\t\t\t\t\t<div class=\"elementor-row\">\n\t\t\t\t\t<div class=\"elementor-column elementor-col-100 elementor-top-column elementor-element elementor-element-6a68845\" data-id=\"6a68845\" data-element_type=\"column\">\n\t\t\t<div class=\"elementor-column-wrap elementor-element-populated\">\n\t\t\t\t\t\t\t<div class=\"elementor-widget-wrap\">\n\t\t\t\t\t\t<div class=\"elementor-element elementor-element-6550704 elementor-widget elementor-widget-google_maps\" data-id=\"6550704\" data-element_type=\"widget\" data-widget_type=\"google_maps.default\">\n\t\t\t\t<div class=\"elementor-widget-container\">\n\t\t\t<div class=\"elementor-custom-embed\"><iframe frameborder=\"0\" scrolling=\"no\" marginheight=\"0\" marginwidth=\"0\" src=\"https:\/\/maps.google.com\/maps?q=Koza%20Mah.%201655%20Sok.%20No%3A6%20Akbat%C4%B1%20Residence%20Ye%C5%9Fil%20Kule%20K%3A4%20Dk%3A401%2C%20Esenyurt%2C%2034538%20%C4%B0stanbul&amp;t=m&amp;z=12&amp;output=embed&amp;iwloc=near\" title=\"Koza Mah. 1655 Sok. No:6 Akbat\u0131 Residence Ye\u015fil Kule K:4 Dk:401, Esenyurt, 34538 \u0130stanbul\" aria-label=\"Koza Mah. 1655 Sok. No:6 Akbat\u0131 Residence Ye\u015fil Kule K:4 Dk:401, Esenyurt, 34538 \u0130stanbul\"><\/iframe><\/div>\t\t<\/div>\n\t\t\t\t<\/div>\n\t\t\t\t\t\t<\/div>\n\t\t\t\t\t<\/div>\n\t\t<\/div>\n\t\t\t\t\t\t\t\t<\/div>\n\t\t\t\t\t<\/div>\n\t\t<\/section>\n\t\t\t\t<section class=\"elementor-section elementor-top-section elementor-element elementor-element-ddbf539 elementor-section-boxed elementor-section-height-default elementor-section-height-default\" data-id=\"ddbf539\" data-element_type=\"section\">\n\t\t\t\t\t\t<div class=\"elementor-container elementor-column-gap-default\">\n\t\t\t\t\t\t\t<div class=\"elementor-row\">\n\t\t\t\t\t<div class=\"elementor-column elementor-col-100 elementor-top-column elementor-element elementor-element-84f5425\" data-id=\"84f5425\" data-element_type=\"column\">\n\t\t\t<div class=\"elementor-column-wrap elementor-element-populated\">\n\t\t\t\t\t\t\t<div class=\"elementor-widget-wrap\">\n\t\t\t\t\t\t<div class=\"elementor-element elementor-element-11366a9 elementor-widget elementor-widget-spacer\" data-id=\"11366a9\" data-element_type=\"widget\" data-widget_type=\"spacer.default\">\n\t\t\t\t<div class=\"elementor-widget-container\">\n\t\t\t\t\t<div class=\"elementor-spacer\">\n\t\t\t<div class=\"elementor-spacer-inner\"><\/div>\n\t\t<\/div>\n\t\t\t\t<\/div>\n\t\t\t\t<\/div>\n\t\t\t\t\t\t<\/div>\n\t\t\t\t\t<\/div>\n\t\t<\/div>\n\t\t\t\t\t\t\t\t<\/div>\n\t\t\t\t\t<\/div>\n\t\t<\/section>\n\t\t\t\t\t\t<\/div>\n\t\t\t\t\t\t<\/div>\n\t\t\t\t\t<\/div>\n\t\t","protected":false},"excerpt":{"rendered":"<p>Contact us \u0627\u062a\u0635\u0644 \u0628\u0646\u0627 \u0644\u0644\u062d\u0635\u0648\u0644 \u0639\u0644\u0649 \u0623\u0641\u0636\u0644 \u0627\u0644\u0639\u0631\u0648\u0636 \u0645\u0646 \u0627\u0644\u0639\u0642\u0627\u0631\u0627\u062a \u0627\u0644\u0645\u0634\u0647\u0648\u0631\u0629 \u0641\u064a \u062c\u0645\u064a\u0639 \u0623\u0646\u062d\u0627\u0621 \u0627\u0633\u0637\u0646\u0628\u0648\u0644 \u0648\u062a\u0631\u0643\u064a\u0627. \u0645\u0631\u0643\u0632 \u0627\u0644\u0634\u0631\u0643\u0629 Koza Mah. 1655 Sok. No:6 Akbat\u0131 Residence Ye\u015fil Kule K:4 Dk:401, Esenyurt, 34538 \u0130stanbul 0212 337 27 77\u200dinfo@value34.com.tr \u0645\u0643\u062a\u0628 \u0645\u0627\u0633\u0644\u0627\u0643 \u0642\u0631\u064a\u0628\u0627 \u062a\u0648\u0627\u0635 \u0645\u0639\u0646\u0627 \u0639\u0646 \u0637\u0631\u064a\u0642 \u0627\u0644\u0648\u0627\u062a\u0633\u0627\u0628 \u062e\u062f\u0645\u0629 \u0639\u0644\u0649 \u0645\u062f\u0627\u0631 \u0627\u0644\u0633\u0627\u0639\u0629 +90 532 204 99 73 +90 533 [&hellip;]<\/p>\n","protected":false},"author":1,"featured_media":0,"parent":0,"menu_order":0,"comment_status":"closed","ping_status":"closed","template":"template\/template-homepage.php","meta":{"footnotes":""},"class_list":["post-21262","page","type-page","status-publish","hentry"],"_links":{"self":[{"href":"https:\/\/www.istanbulpropertysearch.com\/ar\/wp-json\/wp\/v2\/pages\/21262"}],"collection":[{"href":"https:\/\/www.istanbulpropertysearch.com\/ar\/wp-json\/wp\/v2\/pages"}],"about":[{"href":"https:\/\/www.istanbulpropertysearch.com\/ar\/wp-json\/wp\/v2\/types\/page"}],"author":[{"embeddable":true,"href":"https:\/\/www.istanbulpropertysearch.com\/ar\/wp-json\/wp\/v2\/users\/1"}],"replies":[{"embeddable":true,"href":"https:\/\/www.istanbulpropertysearch.com\/ar\/wp-json\/wp\/v2\/comments?post=21262"}],"version-history":[{"count":3,"href":"https:\/\/www.istanbulpropertysearch.com\/ar\/wp-json\/wp\/v2\/pages\/21262\/revisions"}],"predecessor-version":[{"id":21277,"href":"https:\/\/www.istanbulpropertysearch.com\/ar\/wp-json\/wp\/v2\/pages\/21262\/revisions\/21277"}],"wp:attachment":[{"href":"https:\/\/www.istanbulpropertysearch.com\/ar\/wp-json\/wp\/v2\/media?parent=21262"}],"curies":[{"name":"wp","href":"https:\/\/api.w.org\/{rel}","templated":true}]}}